{"id":1678,"date":"2026-01-08T13:46:09","date_gmt":"2026-01-08T13:46:09","guid":{"rendered":"https:\/\/carlosgalvezbass.com\/?page_id=1678"},"modified":"2026-03-04T16:08:17","modified_gmt":"2026-03-04T16:08:17","slug":"proximos-bolos","status":"publish","type":"page","link":"https:\/\/carlosgalvezbass.com\/index.php\/proximos-bolos\/","title":{"rendered":"Pr\u00f3ximos bolos"},"content":{"rendered":"\t\t<div data-elementor-type=\"wp-page\" data-elementor-id=\"1678\" class=\"elementor elementor-1678\">\n\t\t\t\t<div class=\"elementor-element elementor-element-10a84d0 e-flex e-con-boxed wpr-particle-no wpr-jarallax-no wpr-parallax-no wpr-sticky-section-no e-con e-parent\" data-id=\"10a84d0\" data-element_type=\"container\" data-settings=\"{&quot;background_background&quot;:&quot;video&quot;,&quot;background_video_link&quot;:&quot;https:\\\/\\\/carlosgalvezbass.com\\\/wp-content\\\/uploads\\\/2026\\\/01\\\/YTDown.com_YouTube_Triquell-Primo-i-Jefe-Videoclip-Oficial_Media_WGRoXzynwyc_002_720p.mp4&quot;}\">\n\t\t\t\t\t<div class=\"e-con-inner\">\n\t\t<div class=\"elementor-background-video-container elementor-hidden-mobile\" aria-hidden=\"true\">\n\t\t\t\t\t\t\t<video class=\"elementor-background-video-hosted\" autoplay muted playsinline loop><\/video>\n\t\t\t\t\t<\/div>\t\t<div class=\"elementor-element elementor-element-e3f787e elementor-widget elementor-widget-heading\" data-id=\"e3f787e\" data-element_type=\"widget\" data-widget_type=\"heading.default\">\n\t\t\t\t\t<h2 class=\"elementor-heading-title elementor-size-default\">SHOW DESTACADO<\/h2>\t\t\t\t<\/div>\n\t\t<div class=\"elementor-element elementor-element-3624b73 e-con-full e-flex wpr-particle-no wpr-jarallax-no wpr-parallax-no wpr-sticky-section-no e-con e-child\" data-id=\"3624b73\" data-element_type=\"container\">\n\t\t<div class=\"elementor-element elementor-element-5c2d259 e-con-full e-flex wpr-particle-no wpr-jarallax-no wpr-parallax-no wpr-sticky-section-no e-con e-child\" data-id=\"5c2d259\" data-element_type=\"container\">\n\t\t\t\t<div class=\"elementor-element elementor-element-c36150f elementor-widget elementor-widget-heading\" data-id=\"c36150f\" data-element_type=\"widget\" data-widget_type=\"heading.default\">\n\t\t\t\t\t<h2 class=\"elementor-heading-title elementor-size-default\">8\/5\/2026 - Triquell - Sala Apolo <\/h2>\t\t\t\t<\/div>\n\t\t\t\t<div class=\"elementor-element elementor-element-cbc9cfb elementor-widget elementor-widget-image\" data-id=\"cbc9cfb\" data-element_type=\"widget\" data-widget_type=\"image.default\">\n\t\t\t\t\t\t\t\t\t\t\t\t\t\t\t<img fetchpriority=\"high\" decoding=\"async\" width=\"330\" height=\"440\" src=\"https:\/\/carlosgalvezbass.com\/wp-content\/uploads\/2026\/01\/thumb_10918_artwork_default.jpeg\" class=\"attachment-large size-large wp-image-1696\" alt=\"\" srcset=\"https:\/\/carlosgalvezbass.com\/wp-content\/uploads\/2026\/01\/thumb_10918_artwork_default.jpeg 330w, https:\/\/carlosgalvezbass.com\/wp-content\/uploads\/2026\/01\/thumb_10918_artwork_default-225x300.jpeg 225w\" sizes=\"(max-width: 330px) 100vw, 330px\" \/>\t\t\t\t\t\t\t\t\t\t\t\t\t\t\t<\/div>\n\t\t\t\t<div class=\"elementor-element elementor-element-82d6a9e elementor-align-left animated-fast elementor-mobile-align-center elementor-invisible elementor-widget elementor-widget-button\" data-id=\"82d6a9e\" data-element_type=\"widget\" data-settings=\"{&quot;_animation&quot;:&quot;fadeInLeft&quot;}\" data-widget_type=\"button.default\">\n\t\t\t\t\t\t\t\t\t\t<a class=\"elementor-button elementor-button-link elementor-size-sm\" href=\"https:\/\/www.sala-apolo.com\/es\/evento\/guitar-bcn-2026-triquell-6726%20\" target=\"_blank\">\n\t\t\t\t\t\t<span class=\"elementor-button-content-wrapper\">\n\t\t\t\t\t\t\t\t\t<span class=\"elementor-button-text\">CONSIGUE TUS ENTRADAS<\/span>\n\t\t\t\t\t<\/span>\n\t\t\t\t\t<\/a>\n\t\t\t\t\t\t\t\t<\/div>\n\t\t\t\t<\/div>\n\t\t<div class=\"elementor-element elementor-element-c57ef94 e-con-full e-flex wpr-particle-no wpr-jarallax-no wpr-parallax-no wpr-sticky-section-no e-con e-child\" data-id=\"c57ef94\" data-element_type=\"container\">\n\t\t\t\t<div class=\"elementor-element elementor-element-635e433 elementor-widget elementor-widget-heading\" data-id=\"635e433\" data-element_type=\"widget\" data-widget_type=\"heading.default\">\n\t\t\t\t\t<p class=\"elementor-heading-title elementor-size-default\">RESUMEN<\/p>\t\t\t\t<\/div>\n\t\t\t\t<div class=\"elementor-element elementor-element-50c67ce elementor-widget elementor-widget-heading\" data-id=\"50c67ce\" data-element_type=\"widget\" data-widget_type=\"heading.default\">\n\t\t\t\t\t<p class=\"elementor-heading-title elementor-size-default\">Triquell es una de las voces m\u00e1s rompedoras y personales de la escena catalana. Tras su debut en el 2023 con el \u00e1lbum Entre Fluids, que le situ\u00f3 como una de las grandes revelaciones del momento, en septiembre de 2025 publica su segundo \u00e1lbum, Paco Deluxe. Un trabajo que afianza su propuesta \u00fanica, con una fusi\u00f3n poderosa de pop, rock y electr\u00f3nica cargada de carisma e identidad propia. \n\nTriquell inicia su gira oficial de presentaci\u00f3n en 2026 con un concierto muy especial en la Sala Apolo, con un nuevo directo potente e inconfundible. <\/p>\t\t\t\t<\/div>\n\t\t\t\t<div class=\"elementor-element elementor-element-b18d1fe elementor-widget elementor-widget-heading\" data-id=\"b18d1fe\" data-element_type=\"widget\" data-widget_type=\"heading.default\">\n\t\t\t\t\t<p class=\"elementor-heading-title elementor-size-default\">UBICACI\u00d3N<\/p>\t\t\t\t<\/div>\n\t\t\t\t<div class=\"elementor-element elementor-element-c9c3a00 elementor-widget elementor-widget-google_maps\" data-id=\"c9c3a00\" data-element_type=\"widget\" data-widget_type=\"google_maps.default\">\n\t\t\t\t\t\t\t<div class=\"elementor-custom-embed\">\n\t\t\t<iframe loading=\"lazy\"\n\t\t\t\t\tsrc=\"https:\/\/maps.google.com\/maps?q=Sala%20Apolo%20Barcelona&#038;t=m&#038;z=10&#038;output=embed&#038;iwloc=near\"\n\t\t\t\t\ttitle=\"Sala Apolo Barcelona\"\n\t\t\t\t\taria-label=\"Sala Apolo Barcelona\"\n\t\t\t><\/iframe>\n\t\t<\/div>\n\t\t\t\t\t\t<\/div>\n\t\t\t\t<\/div>\n\t\t\t\t<\/div>\n\t\t\t\t\t<\/div>\n\t\t\t\t<\/div>\n\t\t<div class=\"elementor-element elementor-element-6b87a13 e-flex e-con-boxed wpr-particle-no wpr-jarallax-no wpr-parallax-no wpr-sticky-section-no e-con e-parent\" data-id=\"6b87a13\" data-element_type=\"container\" data-settings=\"{&quot;background_background&quot;:&quot;classic&quot;}\">\n\t\t\t\t\t<div class=\"e-con-inner\">\n\t\t\t\t<div class=\"elementor-element elementor-element-9bc0666 elementor-widget elementor-widget-heading\" data-id=\"9bc0666\" data-element_type=\"widget\" data-widget_type=\"heading.default\">\n\t\t\t\t\t<h2 class=\"elementor-heading-title elementor-size-default\">PR\u00d3XIMOS SHOWS<\/h2>\t\t\t\t<\/div>\n\t\t<div class=\"elementor-element elementor-element-0734777 e-con-full e-flex wpr-particle-no wpr-jarallax-no wpr-parallax-no wpr-sticky-section-no e-con e-child\" data-id=\"0734777\" data-element_type=\"container\">\n\t\t<div class=\"elementor-element elementor-element-7b3e39d e-con-full e-flex wpr-particle-no wpr-jarallax-no wpr-parallax-no wpr-sticky-section-no e-con e-child\" data-id=\"7b3e39d\" data-element_type=\"container\">\n\t\t\t\t<div class=\"elementor-element elementor-element-54525f7 elementor-widget elementor-widget-image\" data-id=\"54525f7\" data-element_type=\"widget\" data-widget_type=\"image.default\">\n\t\t\t\t\t\t\t\t\t\t\t\t\t\t\t<img decoding=\"async\" width=\"900\" height=\"584\" src=\"https:\/\/carlosgalvezbass.com\/wp-content\/uploads\/2026\/01\/Jingo-Magic-Band-2-1024x665.jpg\" class=\"attachment-large size-large wp-image-2262\" alt=\"\" srcset=\"https:\/\/carlosgalvezbass.com\/wp-content\/uploads\/2026\/01\/Jingo-Magic-Band-2-1024x665.jpg 1024w, https:\/\/carlosgalvezbass.com\/wp-content\/uploads\/2026\/01\/Jingo-Magic-Band-2-300x195.jpg 300w, https:\/\/carlosgalvezbass.com\/wp-content\/uploads\/2026\/01\/Jingo-Magic-Band-2-768x499.jpg 768w, https:\/\/carlosgalvezbass.com\/wp-content\/uploads\/2026\/01\/Jingo-Magic-Band-2-1536x997.jpg 1536w, https:\/\/carlosgalvezbass.com\/wp-content\/uploads\/2026\/01\/Jingo-Magic-Band-2.jpg 1600w\" sizes=\"(max-width: 900px) 100vw, 900px\" \/>\t\t\t\t\t\t\t\t\t\t\t\t\t\t\t<\/div>\n\t\t\t\t<\/div>\n\t\t<div class=\"elementor-element elementor-element-07f4bc1 e-con-full e-flex wpr-particle-no wpr-jarallax-no wpr-parallax-no wpr-sticky-section-no e-con e-child\" data-id=\"07f4bc1\" data-element_type=\"container\">\n\t\t\t\t<div class=\"elementor-element elementor-element-8dfebae elementor-widget elementor-widget-heading\" data-id=\"8dfebae\" data-element_type=\"widget\" data-widget_type=\"heading.default\">\n\t\t\t\t\t<h2 class=\"elementor-heading-title elementor-size-default\">13\/6\/2026<\/h2>\t\t\t\t<\/div>\n\t\t\t\t<div class=\"elementor-element elementor-element-fa2ac8e elementor-widget elementor-widget-heading\" data-id=\"fa2ac8e\" data-element_type=\"widget\" data-widget_type=\"heading.default\">\n\t\t\t\t\t<h2 class=\"elementor-heading-title elementor-size-default\">JINGO MAGIC BAND<\/h2>\t\t\t\t<\/div>\n\t\t\t\t<div class=\"elementor-element elementor-element-6588e62 elementor-widget elementor-widget-heading\" data-id=\"6588e62\" data-element_type=\"widget\" data-widget_type=\"heading.default\">\n\t\t\t\t\t<h2 class=\"elementor-heading-title elementor-size-default\">Terrassa (Sala Legends) <\/h2>\t\t\t\t<\/div>\n\t\t\t\t<\/div>\n\t\t\t\t<\/div>\n\t\t<div class=\"elementor-element elementor-element-d2543e5 e-con-full e-flex wpr-particle-no wpr-jarallax-no wpr-parallax-no wpr-sticky-section-no e-con e-child\" data-id=\"d2543e5\" data-element_type=\"container\">\n\t\t<div class=\"elementor-element elementor-element-43542f5 e-con-full e-flex wpr-particle-no wpr-jarallax-no wpr-parallax-no wpr-sticky-section-no e-con e-child\" data-id=\"43542f5\" data-element_type=\"container\">\n\t\t\t\t<div class=\"elementor-element elementor-element-f8dec24 elementor-widget elementor-widget-heading\" data-id=\"f8dec24\" data-element_type=\"widget\" data-widget_type=\"heading.default\">\n\t\t\t\t\t<h2 class=\"elementor-heading-title elementor-size-default\">27\/6\/2026<\/h2>\t\t\t\t<\/div>\n\t\t\t\t<div class=\"elementor-element elementor-element-766bca8 elementor-widget elementor-widget-heading\" data-id=\"766bca8\" data-element_type=\"widget\" data-widget_type=\"heading.default\">\n\t\t\t\t\t<h2 class=\"elementor-heading-title elementor-size-default\">LA CENTRAL<\/h2>\t\t\t\t<\/div>\n\t\t\t\t<div class=\"elementor-element elementor-element-6d9f35e elementor-widget elementor-widget-heading\" data-id=\"6d9f35e\" data-element_type=\"widget\" data-widget_type=\"heading.default\">\n\t\t\t\t\t<h2 class=\"elementor-heading-title elementor-size-default\">Badalona (Sala Sarau)<\/h2>\t\t\t\t<\/div>\n\t\t\t\t<\/div>\n\t\t<div class=\"elementor-element elementor-element-93c78ff e-con-full e-flex wpr-particle-no wpr-jarallax-no wpr-parallax-no wpr-sticky-section-no e-con e-child\" data-id=\"93c78ff\" data-element_type=\"container\">\n\t\t\t\t<div class=\"elementor-element elementor-element-26d7e68 elementor-widget elementor-widget-image\" data-id=\"26d7e68\" data-element_type=\"widget\" data-widget_type=\"image.default\">\n\t\t\t\t\t\t\t\t\t\t\t\t\t\t\t<img decoding=\"async\" width=\"835\" height=\"672\" src=\"https:\/\/carlosgalvezbass.com\/wp-content\/uploads\/2025\/12\/Captura-de-pantalla-2025-12-01-141424.png\" class=\"attachment-full size-full wp-image-1594\" alt=\"\" srcset=\"https:\/\/carlosgalvezbass.com\/wp-content\/uploads\/2025\/12\/Captura-de-pantalla-2025-12-01-141424.png 835w, https:\/\/carlosgalvezbass.com\/wp-content\/uploads\/2025\/12\/Captura-de-pantalla-2025-12-01-141424-300x241.png 300w, https:\/\/carlosgalvezbass.com\/wp-content\/uploads\/2025\/12\/Captura-de-pantalla-2025-12-01-141424-768x618.png 768w\" sizes=\"(max-width: 835px) 100vw, 835px\" \/>\t\t\t\t\t\t\t\t\t\t\t\t\t\t\t<\/div>\n\t\t\t\t<\/div>\n\t\t\t\t<\/div>\n\t\t<div class=\"elementor-element elementor-element-106c3a1 e-con-full e-flex wpr-particle-no wpr-jarallax-no wpr-parallax-no wpr-sticky-section-no e-con e-child\" data-id=\"106c3a1\" data-element_type=\"container\">\n\t\t<div class=\"elementor-element elementor-element-22f67e7 e-con-full e-flex wpr-particle-no wpr-jarallax-no wpr-parallax-no wpr-sticky-section-no e-con e-child\" data-id=\"22f67e7\" data-element_type=\"container\">\n\t\t\t\t<div class=\"elementor-element elementor-element-786bc33 elementor-widget elementor-widget-image\" data-id=\"786bc33\" data-element_type=\"widget\" data-widget_type=\"image.default\">\n\t\t\t\t\t\t\t\t\t\t\t\t\t\t\t<img loading=\"lazy\" decoding=\"async\" width=\"750\" height=\"500\" src=\"https:\/\/carlosgalvezbass.com\/wp-content\/uploads\/2026\/01\/G3m_S-8W0AA9VPc.jpg\" class=\"attachment-large size-large wp-image-1695\" alt=\"\" srcset=\"https:\/\/carlosgalvezbass.com\/wp-content\/uploads\/2026\/01\/G3m_S-8W0AA9VPc.jpg 750w, https:\/\/carlosgalvezbass.com\/wp-content\/uploads\/2026\/01\/G3m_S-8W0AA9VPc-300x200.jpg 300w\" sizes=\"(max-width: 750px) 100vw, 750px\" \/>\t\t\t\t\t\t\t\t\t\t\t\t\t\t\t<\/div>\n\t\t\t\t<\/div>\n\t\t<div class=\"elementor-element elementor-element-8e8beca e-con-full e-flex wpr-particle-no wpr-jarallax-no wpr-parallax-no wpr-sticky-section-no e-con e-child\" data-id=\"8e8beca\" data-element_type=\"container\">\n\t\t\t\t<div class=\"elementor-element elementor-element-35be2f5 elementor-widget elementor-widget-heading\" data-id=\"35be2f5\" data-element_type=\"widget\" data-widget_type=\"heading.default\">\n\t\t\t\t\t<h2 class=\"elementor-heading-title elementor-size-default\">2\/7\/2026<\/h2>\t\t\t\t<\/div>\n\t\t\t\t<div class=\"elementor-element elementor-element-eb19464 elementor-widget elementor-widget-heading\" data-id=\"eb19464\" data-element_type=\"widget\" data-widget_type=\"heading.default\">\n\t\t\t\t\t<h2 class=\"elementor-heading-title elementor-size-default\">TRIQUELL<\/h2>\t\t\t\t<\/div>\n\t\t\t\t<div class=\"elementor-element elementor-element-268fdf0 elementor-widget elementor-widget-heading\" data-id=\"268fdf0\" data-element_type=\"widget\" data-widget_type=\"heading.default\">\n\t\t\t\t\t<h2 class=\"elementor-heading-title elementor-size-default\">Vilanova i la Geltr\u00fa (Vida Festival) <\/h2>\t\t\t\t<\/div>\n\t\t\t\t<div class=\"elementor-element elementor-element-0a32987 elementor-align-center animated-fast elementor-invisible elementor-widget elementor-widget-button\" data-id=\"0a32987\" data-element_type=\"widget\" data-settings=\"{&quot;_animation&quot;:&quot;fadeInLeft&quot;}\" data-widget_type=\"button.default\">\n\t\t\t\t\t\t\t\t\t\t<a class=\"elementor-button elementor-button-link elementor-size-sm\" href=\"https:\/\/www.vidafestival.com\/es\/entradas\/\" target=\"_blank\">\n\t\t\t\t\t\t<span class=\"elementor-button-content-wrapper\">\n\t\t\t\t\t\t\t\t\t<span class=\"elementor-button-text\">CONSIGUE TUS ENTRADAS<\/span>\n\t\t\t\t\t<\/span>\n\t\t\t\t\t<\/a>\n\t\t\t\t\t\t\t\t<\/div>\n\t\t\t\t<\/div>\n\t\t\t\t<\/div>\n\t\t<div class=\"elementor-element elementor-element-905d176 e-con-full e-flex wpr-particle-no wpr-jarallax-no wpr-parallax-no wpr-sticky-section-no e-con e-child\" data-id=\"905d176\" data-element_type=\"container\">\n\t\t<div class=\"elementor-element elementor-element-4cc2bda e-con-full e-flex wpr-particle-no wpr-jarallax-no wpr-parallax-no wpr-sticky-section-no e-con e-child\" data-id=\"4cc2bda\" data-element_type=\"container\">\n\t\t\t\t<div class=\"elementor-element elementor-element-e721819 elementor-widget elementor-widget-heading\" data-id=\"e721819\" data-element_type=\"widget\" data-widget_type=\"heading.default\">\n\t\t\t\t\t<h2 class=\"elementor-heading-title elementor-size-default\">1\/8\/2026<\/h2>\t\t\t\t<\/div>\n\t\t\t\t<div class=\"elementor-element elementor-element-532db76 elementor-widget elementor-widget-heading\" data-id=\"532db76\" data-element_type=\"widget\" data-widget_type=\"heading.default\">\n\t\t\t\t\t<h2 class=\"elementor-heading-title elementor-size-default\">JINGO MAGIC BAND<\/h2>\t\t\t\t<\/div>\n\t\t\t\t<div class=\"elementor-element elementor-element-5bd85a5 elementor-widget elementor-widget-heading\" data-id=\"5bd85a5\" data-element_type=\"widget\" data-widget_type=\"heading.default\">\n\t\t\t\t\t<h2 class=\"elementor-heading-title elementor-size-default\">L'Estartit (Sala Mariscal)<\/h2>\t\t\t\t<\/div>\n\t\t\t\t<\/div>\n\t\t<div class=\"elementor-element elementor-element-bd268ca e-con-full e-flex wpr-particle-no wpr-jarallax-no wpr-parallax-no wpr-sticky-section-no e-con e-child\" data-id=\"bd268ca\" data-element_type=\"container\">\n\t\t\t\t<div class=\"elementor-element elementor-element-1f0a891 elementor-widget elementor-widget-image\" data-id=\"1f0a891\" data-element_type=\"widget\" data-widget_type=\"image.default\">\n\t\t\t\t\t\t\t\t\t\t\t\t\t\t\t<img loading=\"lazy\" decoding=\"async\" width=\"796\" height=\"486\" src=\"https:\/\/carlosgalvezbass.com\/wp-content\/uploads\/2025\/12\/Captura-de-pantalla-2025-12-01-141234.png\" class=\"attachment-large size-large wp-image-1593\" alt=\"\" srcset=\"https:\/\/carlosgalvezbass.com\/wp-content\/uploads\/2025\/12\/Captura-de-pantalla-2025-12-01-141234.png 796w, https:\/\/carlosgalvezbass.com\/wp-content\/uploads\/2025\/12\/Captura-de-pantalla-2025-12-01-141234-300x183.png 300w, https:\/\/carlosgalvezbass.com\/wp-content\/uploads\/2025\/12\/Captura-de-pantalla-2025-12-01-141234-768x469.png 768w\" sizes=\"(max-width: 796px) 100vw, 796px\" \/>\t\t\t\t\t\t\t\t\t\t\t\t\t\t\t<\/div>\n\t\t\t\t<\/div>\n\t\t\t\t<\/div>\n\t\t<div class=\"elementor-element elementor-element-573d269 e-con-full e-flex wpr-particle-no wpr-jarallax-no wpr-parallax-no wpr-sticky-section-no e-con e-child\" data-id=\"573d269\" data-element_type=\"container\">\n\t\t<div class=\"elementor-element elementor-element-862875b e-con-full e-flex wpr-particle-no wpr-jarallax-no wpr-parallax-no wpr-sticky-section-no e-con e-child\" data-id=\"862875b\" data-element_type=\"container\">\n\t\t\t\t<div class=\"elementor-element elementor-element-972bb2a elementor-widget elementor-widget-image\" data-id=\"972bb2a\" data-element_type=\"widget\" data-widget_type=\"image.default\">\n\t\t\t\t\t\t\t\t\t\t\t\t\t\t\t<img loading=\"lazy\" decoding=\"async\" width=\"1350\" height=\"900\" src=\"https:\/\/carlosgalvezbass.com\/wp-content\/uploads\/2026\/01\/445436649_472598178788328_6499543494722200120_n.jpg\" class=\"attachment-full size-full wp-image-2299\" alt=\"\" srcset=\"https:\/\/carlosgalvezbass.com\/wp-content\/uploads\/2026\/01\/445436649_472598178788328_6499543494722200120_n.jpg 1350w, https:\/\/carlosgalvezbass.com\/wp-content\/uploads\/2026\/01\/445436649_472598178788328_6499543494722200120_n-300x200.jpg 300w, https:\/\/carlosgalvezbass.com\/wp-content\/uploads\/2026\/01\/445436649_472598178788328_6499543494722200120_n-1024x683.jpg 1024w, https:\/\/carlosgalvezbass.com\/wp-content\/uploads\/2026\/01\/445436649_472598178788328_6499543494722200120_n-768x512.jpg 768w\" sizes=\"(max-width: 1350px) 100vw, 1350px\" \/>\t\t\t\t\t\t\t\t\t\t\t\t\t\t\t<\/div>\n\t\t\t\t<\/div>\n\t\t<div class=\"elementor-element elementor-element-47d91f9 e-con-full e-flex wpr-particle-no wpr-jarallax-no wpr-parallax-no wpr-sticky-section-no e-con e-child\" data-id=\"47d91f9\" data-element_type=\"container\">\n\t\t\t\t<div class=\"elementor-element elementor-element-b9e34d8 elementor-widget elementor-widget-heading\" data-id=\"b9e34d8\" data-element_type=\"widget\" data-widget_type=\"heading.default\">\n\t\t\t\t\t<h2 class=\"elementor-heading-title elementor-size-default\">17\/10\/2026<\/h2>\t\t\t\t<\/div>\n\t\t\t\t<div class=\"elementor-element elementor-element-122b06c elementor-widget elementor-widget-heading\" data-id=\"122b06c\" data-element_type=\"widget\" data-widget_type=\"heading.default\">\n\t\t\t\t\t<h2 class=\"elementor-heading-title elementor-size-default\">T&amp;G BAND<\/h2>\t\t\t\t<\/div>\n\t\t\t\t<div class=\"elementor-element elementor-element-792fc34 elementor-widget elementor-widget-heading\" data-id=\"792fc34\" data-element_type=\"widget\" data-widget_type=\"heading.default\">\n\t\t\t\t\t<h2 class=\"elementor-heading-title elementor-size-default\">Sant Cugat del Vall\u00e8s <\/h2>\t\t\t\t<\/div>\n\t\t\t\t<\/div>\n\t\t\t\t<\/div>\n\t\t\t\t\t<\/div>\n\t\t\t\t<\/div>\n\t\t<div class=\"elementor-element elementor-element-5a72ea8 e-flex e-con-boxed wpr-particle-no wpr-jarallax-no wpr-parallax-no wpr-sticky-section-no e-con e-parent\" data-id=\"5a72ea8\" data-element_type=\"container\">\n\t\t\t\t\t<div class=\"e-con-inner\">\n\t\t\t\t<div class=\"elementor-element elementor-element-5aa02e8 elementor-widget elementor-widget-heading\" data-id=\"5aa02e8\" data-element_type=\"widget\" data-widget_type=\"heading.default\">\n\t\t\t\t\t<h2 class=\"elementor-heading-title elementor-size-default\">TOUR 2026<\/h2>\t\t\t\t<\/div>\n\t\t\t\t<div class=\"elementor-element elementor-element-9d9b4be elementor-widget elementor-widget-heading\" data-id=\"9d9b4be\" data-element_type=\"widget\" data-widget_type=\"heading.default\">\n\t\t\t\t\t<h3 class=\"elementor-heading-title elementor-size-default\"><br><br>24\/2 - Au Rora - Barcelona (Antiga F\u00e0brica Estrella Damm)<br><br>\n27\/2 - Jam Session El Tallaret - Sabadell<br><br>\n7\/3 - La Central - Badalona (Sala Sarau)<br><br>25\/4 - Jingo Magic Band - Rub\u00ed<br><br>\n8\/5 - Triquell - Barcelona (Sala Apolo)<br><br>\n13\/6 - Jingo Magic Band - Terrassa (Sala Legends)<br><br>\n19\/6 - Triquell - Encamp (Andorra)<br><br>\n27\/6 - La Central - Badalona (Sala Sarau)<br><br>\n2\/7 - Triquell - Vilanova i la Geltr\u00fa (Vida Festival)<br><br>\n1\/8 - Jingo Magic Band - L\u2019Estartit (Sala Mariscal)<br><br>\n28\/8 - Triquell - Granollers<br><br>\n6\/9 - Triquell - Sant Celoni<br><br>\n17\/10 - T&amp;G Band - Sant Cugat<br><br>\n28\/11 - Triquell - Calaf <br><br><br><br><\/h3>\t\t\t\t<\/div>\n\t\t\t\t\t<\/div>\n\t\t\t\t<\/div>\n\t\t\t\t<\/div>\n\t\t","protected":false},"excerpt":{"rendered":"<p>SHOW DESTACADO 8\/5\/2026 &#8211; Triquell &#8211; Sala Apolo CONSIGUE TUS ENTRADAS RESUMEN Triquell es una de las voces m\u00e1s rompedoras<\/p>\n","protected":false},"author":1,"featured_media":0,"parent":0,"menu_order":0,"comment_status":"closed","ping_status":"closed","template":"elementor_header_footer","meta":{"_eb_attr":"","footnotes":""},"class_list":["post-1678","page","type-page","status-publish","hentry"],"_links":{"self":[{"href":"https:\/\/carlosgalvezbass.com\/index.php\/wp-json\/wp\/v2\/pages\/1678","targetHints":{"allow":["GET"]}}],"collection":[{"href":"https:\/\/carlosgalvezbass.com\/index.php\/wp-json\/wp\/v2\/pages"}],"about":[{"href":"https:\/\/carlosgalvezbass.com\/index.php\/wp-json\/wp\/v2\/types\/page"}],"author":[{"embeddable":true,"href":"https:\/\/carlosgalvezbass.com\/index.php\/wp-json\/wp\/v2\/users\/1"}],"replies":[{"embeddable":true,"href":"https:\/\/carlosgalvezbass.com\/index.php\/wp-json\/wp\/v2\/comments?post=1678"}],"version-history":[{"count":109,"href":"https:\/\/carlosgalvezbass.com\/index.php\/wp-json\/wp\/v2\/pages\/1678\/revisions"}],"predecessor-version":[{"id":2744,"href":"https:\/\/carlosgalvezbass.com\/index.php\/wp-json\/wp\/v2\/pages\/1678\/revisions\/2744"}],"wp:attachment":[{"href":"https:\/\/carlosgalvezbass.com\/index.php\/wp-json\/wp\/v2\/media?parent=1678"}],"curies":[{"name":"wp","href":"https:\/\/api.w.org\/{rel}","templated":true}]}}